{"id":9428,"date":"2022-11-28T15:17:32","date_gmt":"2022-11-28T14:17:32","guid":{"rendered":"https:\/\/videoagentur-kulturvermittlung.de\/?page_id=9428"},"modified":"2022-11-29T09:00:30","modified_gmt":"2022-11-29T08:00:30","slug":"ueber-uns","status":"publish","type":"page","link":"https:\/\/videoagentur-kulturvermittlung.de\/en\/ueber-uns\/","title":{"rendered":"About us"},"content":{"rendered":"<div data-elementor-type=\"wp-page\" data-elementor-id=\"9428\" class=\"elementor elementor-9428\">\n\t\t\t\t\t\t<section class=\"elementor-section elementor-top-section elementor-element elementor-element-3c7fad8 elementor-section-boxed elementor-section-height-default elementor-section-height-default\" data-id=\"3c7fad8\" data-element_type=\"section\" data-e-type=\"section\" data-settings=\"{&quot;background_background&quot;:&quot;video&quot;,&quot;background_video_link&quot;:&quot;https:\\\/\\\/videoagentur-kulturvermittlung.de\\\/wp-content\\\/uploads\\\/2022\\\/11\\\/Webseitenhintergrund.mp4&quot;}\">\n\t\t\t\t\t\t\t\t<div class=\"elementor-background-video-container elementor-hidden-mobile\">\n\t\t\t\t\t\t\t\t\t\t\t\t\t<video class=\"elementor-background-video-hosted\" role=\"presentation\" autoplay muted playsinline loop><\/video>\n\t\t\t\t\t\t\t\t\t\t\t<\/div>\n\t\t\t\t\t\t\t\t<div class=\"elementor-container elementor-column-gap-default\">\n\t\t\t\t\t<div class=\"elementor-column elementor-col-50 elementor-top-column elementor-element elementor-element-db6b197\" data-id=\"db6b197\" data-element_type=\"column\" data-e-type=\"column\">\n\t\t\t<div class=\"elementor-widget-wrap\">\n\t\t\t\t\t\t\t<\/div>\n\t\t<\/div>\n\t\t\t\t<div class=\"elementor-column elementor-col-50 elementor-top-column elementor-element elementor-element-958ca5e\" data-id=\"958ca5e\" data-element_type=\"column\" data-e-type=\"column\" data-settings=\"{&quot;background_background&quot;:&quot;gradient&quot;}\">\n\t\t\t<div class=\"elementor-widget-wrap elementor-element-populated\">\n\t\t\t\t\t<div class=\"elementor-background-overlay\"><\/div>\n\t\t\t\t\t\t<section class=\"elementor-section elementor-inner-section elementor-element elementor-element-11bdef03 elementor-section-boxed elementor-section-height-default elementor-section-height-default\" data-id=\"11bdef03\" data-element_type=\"section\" data-e-type=\"section\">\n\t\t\t\t\t\t<div class=\"elementor-container elementor-column-gap-default\">\n\t\t\t\t\t<div class=\"elementor-column elementor-col-100 elementor-inner-column elementor-element elementor-element-3361a6cf\" data-id=\"3361a6cf\" data-element_type=\"column\" data-e-type=\"column\">\n\t\t\t<div class=\"elementor-widget-wrap elementor-element-populated\">\n\t\t\t\t\t\t<div class=\"elementor-element elementor-element-4fd69d7 elementor-widget elementor-widget-spacer\" data-id=\"4fd69d7\" data-element_type=\"widget\" data-e-type=\"widget\" data-widget_type=\"spacer.default\">\n\t\t\t\t<div class=\"elementor-widget-container\">\n\t\t\t\t\t\t\t<div class=\"elementor-spacer\">\n\t\t\t<div class=\"elementor-spacer-inner\"><\/div>\n\t\t<\/div>\n\t\t\t\t\t\t<\/div>\n\t\t\t\t<\/div>\n\t\t\t\t<div class=\"elementor-element elementor-element-3f855cd5 elementor-widget elementor-widget-heading\" data-id=\"3f855cd5\" data-element_type=\"widget\" data-e-type=\"widget\" data-widget_type=\"heading.default\">\n\t\t\t\t<div class=\"elementor-widget-container\">\n\t\t\t\t\t<h1 class=\"elementor-heading-title elementor-size-default\">About us<\/h1>\t\t\t\t<\/div>\n\t\t\t\t<\/div>\n\t\t\t\t<div class=\"elementor-element elementor-element-1a83c517 elementor-widget elementor-widget-text-editor\" data-id=\"1a83c517\" data-element_type=\"widget\" data-e-type=\"widget\" data-widget_type=\"text-editor.default\">\n\t\t\t\t<div class=\"elementor-widget-container\">\n\t\t\t\t\t\t\t\t\t<p>The video agency Kulturvermittlung was created in 2021 from Draw my Business GmbH. The aim is to provide cost-effective content for museums and other cultural institutions.<\/p><p><span style=\"font-family: var( --e-global-typography-text-font-family ), Sans-serif; font-weight: var( --e-global-typography-text-font-weight ); background-color: transparent; font-size: 1rem;\">In 2021, the Federal Ministry for Economic Affairs and Climate Protection funded our feasibility study, in which we identified the need for videos on the topics of art in culture in exhibitions. Our survey of over 400 visitors revealed that the use of such videos can increase visitor numbers by 41%.<\/span><\/p><p><span style=\"font-family: var( --e-global-typography-text-font-family ), Sans-serif; font-weight: var( --e-global-typography-text-font-weight ); background-color: transparent; font-size: 1rem;\">Cultural mediation is easy with us - we support your digitization projects with professional videos. Showcase our videos with your own corporate design on your website, on monitors, via QR codes or on social media! If you have any questions, please contact us.<\/span><\/p>\t\t\t\t\t\t\t\t<\/div>\n\t\t\t\t<\/div>\n\t\t\t\t<div class=\"elementor-element elementor-element-7e859437 elementor-tablet-align-center elementor-align-left elementor-mobile-align-left elementor-widget elementor-widget-button\" data-id=\"7e859437\" data-element_type=\"widget\" data-e-type=\"widget\" data-widget_type=\"button.default\">\n\t\t\t\t<div class=\"elementor-widget-container\">\n\t\t\t\t\t\t\t\t\t<div class=\"elementor-button-wrapper\">\n\t\t\t\t\t<a class=\"elementor-button elementor-button-link elementor-size-sm\" href=\"https:\/\/videoagentur-kulturvermittlung.de\/en\/contact-us\/\">\n\t\t\t\t\t\t<span class=\"elementor-button-content-wrapper\">\n\t\t\t\t\t\t<span class=\"elementor-button-icon\">\n\t\t\t\t<i aria-hidden=\"true\" class=\"fas fa-caret-right\"><\/i>\t\t\t<\/span>\n\t\t\t\t\t\t\t\t\t<span class=\"elementor-button-text\">Contact us<\/span>\n\t\t\t\t\t<\/span>\n\t\t\t\t\t<\/a>\n\t\t\t\t<\/div>\n\t\t\t\t\t\t\t\t<\/div>\n\t\t\t\t<\/div>\n\t\t\t\t\t<\/div>\n\t\t<\/div>\n\t\t\t\t\t<\/div>\n\t\t<\/section>\n\t\t\t\t\t<\/div>\n\t\t<\/div>\n\t\t\t\t\t<\/div>\n\t\t<\/section>\n\t\t\t\t<section class=\"elementor-section elementor-top-section elementor-element elementor-element-e0ca247 elementor-section-boxed elementor-section-height-default elementor-section-height-default\" data-id=\"e0ca247\" data-element_type=\"section\" data-e-type=\"section\">\n\t\t\t\t\t\t<div class=\"elementor-container elementor-column-gap-default\">\n\t\t\t\t\t<div class=\"elementor-column elementor-col-100 elementor-top-column elementor-element elementor-element-a9120d4\" data-id=\"a9120d4\" data-element_type=\"column\" data-e-type=\"column\">\n\t\t\t<div class=\"elementor-widget-wrap elementor-element-populated\">\n\t\t\t\t\t\t\t<\/div>\n\t\t<\/div>\n\t\t\t\t\t<\/div>\n\t\t<\/section>\n\t\t\t\t<\/div>","protected":false},"excerpt":{"rendered":"\u00dcber uns Die Videoagentur Kulturvermittlung entstand 2021 aus der Draw my Business GmbH. Das Ziel ist es, kosteng\u00fcnstige Inhalte f\u00fcr Museen und weitere kulturelle Einrichtungen zur Verf\u00fcgung zu stellen.Das Bundesministerium f\u00fcr Wirtschaft und Klimaschutz f\u00f6rderte 2021 unsere Machbarkeitsstudie, in der wir den Bedarf an Videos zu den Themen Kunst in Kultur in Ausstellungen feststellten. Unsere [&hellip;]","protected":false},"author":3,"featured_media":0,"parent":0,"menu_order":0,"comment_status":"closed","ping_status":"closed","template":"","meta":{"_acf_changed":false,"footnotes":""},"class_list":["post-9428","page","type-page","status-publish","hentry"],"acf":[],"jetpack_sharing_enabled":true,"_links":{"self":[{"href":"https:\/\/videoagentur-kulturvermittlung.de\/en\/wp-json\/wp\/v2\/pages\/9428","targetHints":{"allow":["GET"]}}],"collection":[{"href":"https:\/\/videoagentur-kulturvermittlung.de\/en\/wp-json\/wp\/v2\/pages"}],"about":[{"href":"https:\/\/videoagentur-kulturvermittlung.de\/en\/wp-json\/wp\/v2\/types\/page"}],"author":[{"embeddable":true,"href":"https:\/\/videoagentur-kulturvermittlung.de\/en\/wp-json\/wp\/v2\/users\/3"}],"replies":[{"embeddable":true,"href":"https:\/\/videoagentur-kulturvermittlung.de\/en\/wp-json\/wp\/v2\/comments?post=9428"}],"version-history":[{"count":22,"href":"https:\/\/videoagentur-kulturvermittlung.de\/en\/wp-json\/wp\/v2\/pages\/9428\/revisions"}],"predecessor-version":[{"id":9477,"href":"https:\/\/videoagentur-kulturvermittlung.de\/en\/wp-json\/wp\/v2\/pages\/9428\/revisions\/9477"}],"wp:attachment":[{"href":"https:\/\/videoagentur-kulturvermittlung.de\/en\/wp-json\/wp\/v2\/media?parent=9428"}],"curies":[{"name":"wp","href":"https:\/\/api.w.org\/{rel}","templated":true}]}}